{"id":26328,"date":"2026-01-19T15:52:29","date_gmt":"2026-01-19T20:52:29","guid":{"rendered":"https:\/\/vinyform.com\/product\/porte-documents-extensible-avec-rabat\/"},"modified":"2026-01-23T08:52:48","modified_gmt":"2026-01-23T13:52:48","slug":"porte-documents-extensible-avec-rabat","status":"publish","type":"product","link":"https:\/\/vinyform.com\/fr\/produit\/porte-documents-extensible-avec-rabat\/","title":{"rendered":"Porte-documents extensible avec rabat"},"content":{"rendered":"<p>Ce porte-documents polyvalent est id\u00e9al pour ranger les documents automobiles et d&rsquo;autres \u00e9l\u00e9ments essentiels tels que les manuels d&rsquo;utilisation et les documents administratifs. Dot\u00e9 d&rsquo;une capacit\u00e9 extensible de 1 pouce, il offre un espace de rangement suppl\u00e9mentaire en cas de besoin. Une fermeture velcro est disponible en option, et le porte-documents peut \u00eatre imprim\u00e9 sur les deux faces pour une visibilit\u00e9 maximale de la marque. Taille ferm\u00e9e : 9 5\/8&Prime; x 6 1\/2&Prime;<\/p>\n","protected":false},"excerpt":{"rendered":"<p>Ce porte-documents polyvalent est id\u00e9al pour ranger les documents automobiles et d&rsquo;autres \u00e9l\u00e9ments essentiels tels que les manuels d&rsquo;utilisation et les documents administratifs. Dot\u00e9 d&rsquo;une capacit\u00e9 extensible de 1 pouce, il offre un espace de rangement suppl\u00e9mentaire en cas de besoin. Une fermeture velcro est disponible en option, et le porte-documents peut \u00eatre imprim\u00e9 sur les deux faces pour une visibilit\u00e9 maximale de la marque. Taille ferm\u00e9e : 9 5\/8&Prime; x 6 1\/2&Prime;<\/p>\n","protected":false},"featured_media":26316,"template":"","meta":[],"product_brand":[],"product_cat":[657],"product_tag":[],"industries":[664,649],"class_list":{"0":"post-26328","1":"product","2":"type-product","3":"status-publish","4":"has-post-thumbnail","6":"product_cat-portes-documents","7":"pa_dimensions-4-3-4-x-9-3-4-fr","8":"pa_quantity-250-fr","9":"pa_quantity-500-fr","10":"pa_quantity-1000-fr","11":"pa_quantity-2500-fr","12":"industries-automobile-fr","13":"industries-ventes-et-bureaux-professionnels","15":"first","16":"instock","17":"taxable","18":"shipping-taxable","19":"product-type-variable"},"_links":{"self":[{"href":"https:\/\/vinyform.com\/fr\/wp-json\/wp\/v2\/product\/26328","targetHints":{"allow":["GET"]}}],"collection":[{"href":"https:\/\/vinyform.com\/fr\/wp-json\/wp\/v2\/product"}],"about":[{"href":"https:\/\/vinyform.com\/fr\/wp-json\/wp\/v2\/types\/product"}],"version-history":[{"count":1,"href":"https:\/\/vinyform.com\/fr\/wp-json\/wp\/v2\/product\/26328\/revisions"}],"predecessor-version":[{"id":26338,"href":"https:\/\/vinyform.com\/fr\/wp-json\/wp\/v2\/product\/26328\/revisions\/26338"}],"wp:featuredmedia":[{"embeddable":true,"href":"https:\/\/vinyform.com\/fr\/wp-json\/wp\/v2\/media\/26316"}],"wp:attachment":[{"href":"https:\/\/vinyform.com\/fr\/wp-json\/wp\/v2\/media?parent=26328"}],"wp:term":[{"taxonomy":"product_brand","embeddable":true,"href":"https:\/\/vinyform.com\/fr\/wp-json\/wp\/v2\/product_brand?post=26328"},{"taxonomy":"product_cat","embeddable":true,"href":"https:\/\/vinyform.com\/fr\/wp-json\/wp\/v2\/product_cat?post=26328"},{"taxonomy":"product_tag","embeddable":true,"href":"https:\/\/vinyform.com\/fr\/wp-json\/wp\/v2\/product_tag?post=26328"},{"taxonomy":"industries","embeddable":true,"href":"https:\/\/vinyform.com\/fr\/wp-json\/wp\/v2\/industries?post=26328"}],"curies":[{"name":"wp","href":"https:\/\/api.w.org\/{rel}","templated":true}]}}