{"id":26372,"date":"2026-01-23T10:37:36","date_gmt":"2026-01-23T15:37:36","guid":{"rendered":"https:\/\/vinyform.com\/product\/porte-police-dassurance-ouvert-sur-le-grand-cote\/"},"modified":"2026-01-23T11:11:40","modified_gmt":"2026-01-23T16:11:40","slug":"porte-police-dassurance-ouvert-sur-le-grand-cote","status":"publish","type":"product","link":"https:\/\/vinyform.com\/fr\/produit\/porte-police-dassurance-ouvert-sur-le-grand-cote\/","title":{"rendered":"Porte-police d\u2019assurance ouvert sur le grand c\u00f4t\u00e9"},"content":{"rendered":"<p>Porte-police d&rsquo;assurance : Pochette en vinyle avec une pochette arri\u00e8re transparente qui permet de visualiser les documents, tandis que la face opaque se pr\u00eate \u00e0 l&rsquo;impression. La pochette est ouverte sur le c\u00f4t\u00e9 long pour faciliter l&rsquo;insertion.<br \/>\n4 3\/4\u201d X 9 3\/4\u201d<\/p>\n","protected":false},"excerpt":{"rendered":"<p>Porte-police d&rsquo;assurance : Pochette en vinyle avec une pochette arri\u00e8re transparente qui permet de visualiser les documents, tandis que la face opaque se pr\u00eate \u00e0 l&rsquo;impression. La pochette est ouverte sur le c\u00f4t\u00e9 long pour faciliter l&rsquo;insertion.<br \/>\n4 3\/4\u201d X 9 3\/4\u201d<\/p>\n","protected":false},"featured_media":26360,"template":"","meta":[],"product_brand":[],"product_cat":[657,648],"product_tag":[],"industries":[664],"class_list":{"0":"post-26372","1":"product","2":"type-product","3":"status-publish","4":"has-post-thumbnail","6":"product_cat-portes-documents","7":"product_cat-portes-cartes-et-porte-permis","8":"pa_dimensions-4-3-4-x-9-3-4-fr","9":"pa_quantity-250-fr","10":"pa_quantity-500-fr","11":"pa_quantity-1000-fr","12":"pa_quantity-2500-fr","13":"industries-automobile-fr","15":"first","16":"instock","17":"taxable","18":"shipping-taxable","19":"product-type-variable"},"_links":{"self":[{"href":"https:\/\/vinyform.com\/fr\/wp-json\/wp\/v2\/product\/26372","targetHints":{"allow":["GET"]}}],"collection":[{"href":"https:\/\/vinyform.com\/fr\/wp-json\/wp\/v2\/product"}],"about":[{"href":"https:\/\/vinyform.com\/fr\/wp-json\/wp\/v2\/types\/product"}],"version-history":[{"count":3,"href":"https:\/\/vinyform.com\/fr\/wp-json\/wp\/v2\/product\/26372\/revisions"}],"predecessor-version":[{"id":26380,"href":"https:\/\/vinyform.com\/fr\/wp-json\/wp\/v2\/product\/26372\/revisions\/26380"}],"wp:featuredmedia":[{"embeddable":true,"href":"https:\/\/vinyform.com\/fr\/wp-json\/wp\/v2\/media\/26360"}],"wp:attachment":[{"href":"https:\/\/vinyform.com\/fr\/wp-json\/wp\/v2\/media?parent=26372"}],"wp:term":[{"taxonomy":"product_brand","embeddable":true,"href":"https:\/\/vinyform.com\/fr\/wp-json\/wp\/v2\/product_brand?post=26372"},{"taxonomy":"product_cat","embeddable":true,"href":"https:\/\/vinyform.com\/fr\/wp-json\/wp\/v2\/product_cat?post=26372"},{"taxonomy":"product_tag","embeddable":true,"href":"https:\/\/vinyform.com\/fr\/wp-json\/wp\/v2\/product_tag?post=26372"},{"taxonomy":"industries","embeddable":true,"href":"https:\/\/vinyform.com\/fr\/wp-json\/wp\/v2\/industries?post=26372"}],"curies":[{"name":"wp","href":"https:\/\/api.w.org\/{rel}","templated":true}]}}