{"id":26389,"date":"2026-01-23T11:04:46","date_gmt":"2026-01-23T16:04:46","guid":{"rendered":"https:\/\/vinyform.com\/product\/porte-police-dassurance-avec-pochette-pour-cartes-daffaires\/"},"modified":"2026-01-23T11:21:02","modified_gmt":"2026-01-23T16:21:02","slug":"porte-police-dassurance-avec-pochette-pour-cartes-daffaires","status":"publish","type":"product","link":"https:\/\/vinyform.com\/fr\/produit\/porte-police-dassurance-avec-pochette-pour-cartes-daffaires\/","title":{"rendered":"Porte-police d&rsquo;assurance avec pochette pour carte d&rsquo;affaires"},"content":{"rendered":"<p>Porte-police d&rsquo;assurance : Pochette en vinyle dot\u00e9e d&rsquo;une pochette arri\u00e8re transparente qui permet de visualiser les documents, tandis que le recto opaque est id\u00e9al pour l&rsquo;impression. La pochette s&rsquo;ouvre sur le petit c\u00f4t\u00e9 pour une pr\u00e9sentation verticale. Comprend une pochette pour carte d&rsquo;affaires au bas de la face imprim\u00e9e.<br \/>\n4 3\/4&Prime; X 9 3\/4&Prime;<\/p>\n","protected":false},"excerpt":{"rendered":"<p>Porte-police d&rsquo;assurance : Pochette en vinyle dot\u00e9e d&rsquo;une pochette arri\u00e8re transparente qui permet de visualiser les documents, tandis que le recto opaque est id\u00e9al pour l&rsquo;impression. La pochette s&rsquo;ouvre sur le petit c\u00f4t\u00e9 pour une pr\u00e9sentation verticale. Comprend une pochette pour carte d&rsquo;affaires au bas de la face imprim\u00e9e.<br \/>\n4 3\/4&Prime; X 9 3\/4&Prime;<\/p>\n","protected":false},"featured_media":26362,"template":"","meta":[],"product_brand":[],"product_cat":[657],"product_tag":[],"industries":[664],"class_list":{"0":"post-26389","1":"product","2":"type-product","3":"status-publish","4":"has-post-thumbnail","6":"product_cat-portes-documents","7":"pa_dimensions-4-3-4-x-9-3-4-fr","8":"pa_quantity-250-fr","9":"pa_quantity-500-fr","10":"pa_quantity-1000-fr","11":"pa_quantity-2500-fr","12":"industries-automobile-fr","14":"first","15":"instock","16":"taxable","17":"shipping-taxable","18":"product-type-variable"},"_links":{"self":[{"href":"https:\/\/vinyform.com\/fr\/wp-json\/wp\/v2\/product\/26389","targetHints":{"allow":["GET"]}}],"collection":[{"href":"https:\/\/vinyform.com\/fr\/wp-json\/wp\/v2\/product"}],"about":[{"href":"https:\/\/vinyform.com\/fr\/wp-json\/wp\/v2\/types\/product"}],"version-history":[{"count":2,"href":"https:\/\/vinyform.com\/fr\/wp-json\/wp\/v2\/product\/26389\/revisions"}],"predecessor-version":[{"id":26395,"href":"https:\/\/vinyform.com\/fr\/wp-json\/wp\/v2\/product\/26389\/revisions\/26395"}],"wp:featuredmedia":[{"embeddable":true,"href":"https:\/\/vinyform.com\/fr\/wp-json\/wp\/v2\/media\/26362"}],"wp:attachment":[{"href":"https:\/\/vinyform.com\/fr\/wp-json\/wp\/v2\/media?parent=26389"}],"wp:term":[{"taxonomy":"product_brand","embeddable":true,"href":"https:\/\/vinyform.com\/fr\/wp-json\/wp\/v2\/product_brand?post=26389"},{"taxonomy":"product_cat","embeddable":true,"href":"https:\/\/vinyform.com\/fr\/wp-json\/wp\/v2\/product_cat?post=26389"},{"taxonomy":"product_tag","embeddable":true,"href":"https:\/\/vinyform.com\/fr\/wp-json\/wp\/v2\/product_tag?post=26389"},{"taxonomy":"industries","embeddable":true,"href":"https:\/\/vinyform.com\/fr\/wp-json\/wp\/v2\/industries?post=26389"}],"curies":[{"name":"wp","href":"https:\/\/api.w.org\/{rel}","templated":true}]}}