{"id":26404,"date":"2026-01-23T11:59:45","date_gmt":"2026-01-23T16:59:45","guid":{"rendered":"https:\/\/vinyform.com\/product\/porte-documents-transparent-avec-trou\/"},"modified":"2026-01-23T12:01:38","modified_gmt":"2026-01-23T17:01:38","slug":"porte-documents-transparent-avec-trou","status":"publish","type":"product","link":"https:\/\/vinyform.com\/fr\/produit\/porte-documents-transparent-avec-trou\/","title":{"rendered":"Porte-documents transparent avec trou"},"content":{"rendered":"<p>Porte-documents transparent : Cette pochette en vinyle transparent permet de voir les documents des deux c\u00f4t\u00e9s. La pochette s&rsquo;ouvre sur le petit c\u00f4t\u00e9 pour une pr\u00e9sentation verticale et comprend une pochette pour cartes de visite en bas. Un trou en haut permet de le suspendre ou de l&rsquo;exposer, un \u0153illet \u00e9tant disponible en option.<br \/>\n4 3\/4&Prime; X 9 3\/4&Prime;<\/p>\n","protected":false},"excerpt":{"rendered":"<p>Porte-documents transparent : Cette pochette en vinyle transparent permet de voir les documents des deux c\u00f4t\u00e9s. La pochette s&rsquo;ouvre sur le petit c\u00f4t\u00e9 pour une pr\u00e9sentation verticale et comprend une pochette pour cartes de visite en bas. Un trou en haut permet de le suspendre ou de l&rsquo;exposer, un \u0153illet \u00e9tant disponible en option.<br \/>\n4 3\/4&Prime; X 9 3\/4&Prime;<\/p>\n","protected":false},"featured_media":26364,"template":"","meta":[],"product_brand":[],"product_cat":[657],"product_tag":[],"industries":[664],"class_list":{"0":"post-26404","1":"product","2":"type-product","3":"status-publish","4":"has-post-thumbnail","6":"product_cat-portes-documents","7":"pa_dimensions-4-3-4-x-9-3-4-fr","8":"pa_quantity-250-fr","9":"pa_quantity-500-fr","10":"pa_quantity-1000-fr","11":"pa_quantity-2500-fr","12":"industries-automobile-fr","14":"first","15":"instock","16":"taxable","17":"shipping-taxable","18":"product-type-variable"},"_links":{"self":[{"href":"https:\/\/vinyform.com\/fr\/wp-json\/wp\/v2\/product\/26404","targetHints":{"allow":["GET"]}}],"collection":[{"href":"https:\/\/vinyform.com\/fr\/wp-json\/wp\/v2\/product"}],"about":[{"href":"https:\/\/vinyform.com\/fr\/wp-json\/wp\/v2\/types\/product"}],"version-history":[{"count":1,"href":"https:\/\/vinyform.com\/fr\/wp-json\/wp\/v2\/product\/26404\/revisions"}],"predecessor-version":[{"id":26409,"href":"https:\/\/vinyform.com\/fr\/wp-json\/wp\/v2\/product\/26404\/revisions\/26409"}],"wp:featuredmedia":[{"embeddable":true,"href":"https:\/\/vinyform.com\/fr\/wp-json\/wp\/v2\/media\/26364"}],"wp:attachment":[{"href":"https:\/\/vinyform.com\/fr\/wp-json\/wp\/v2\/media?parent=26404"}],"wp:term":[{"taxonomy":"product_brand","embeddable":true,"href":"https:\/\/vinyform.com\/fr\/wp-json\/wp\/v2\/product_brand?post=26404"},{"taxonomy":"product_cat","embeddable":true,"href":"https:\/\/vinyform.com\/fr\/wp-json\/wp\/v2\/product_cat?post=26404"},{"taxonomy":"product_tag","embeddable":true,"href":"https:\/\/vinyform.com\/fr\/wp-json\/wp\/v2\/product_tag?post=26404"},{"taxonomy":"industries","embeddable":true,"href":"https:\/\/vinyform.com\/fr\/wp-json\/wp\/v2\/industries?post=26404"}],"curies":[{"name":"wp","href":"https:\/\/api.w.org\/{rel}","templated":true}]}}