{"id":26436,"date":"2026-01-23T13:15:05","date_gmt":"2026-01-23T18:15:05","guid":{"rendered":"https:\/\/vinyform.com\/product\/6-porte-cartes-simple-avec-pochette-pour-cartes-de-visite\/"},"modified":"2026-01-23T13:43:11","modified_gmt":"2026-01-23T18:43:11","slug":"6-porte-cartes-simple-avec-pochette-pour-cartes-de-visite","status":"publish","type":"product","link":"https:\/\/vinyform.com\/fr\/produit\/6-porte-cartes-simple-avec-pochette-pour-cartes-de-visite\/","title":{"rendered":"6&Prime; Porte-cartes simple avec pochette pour carte d&rsquo;affaires"},"content":{"rendered":"<p>Pochette en vinyle dot\u00e9e d&rsquo;une pochette arri\u00e8re transparente qui permet de visualiser les documents, tandis que le recto opaque est id\u00e9al pour l&rsquo;impression. Comprend une pochette pour carte de visite au bas de la face imprim\u00e9e. Cet article polyvalent peut \u00eatre utilis\u00e9 dans de nombreux secteurs, notamment l&rsquo;automobile, l&rsquo;assurance, les cartes de pourvoirie, les permis de p\u00eache et de chasse, ainsi que les cartes de membre.<br \/>\n4 1\/2&Prime; X 6&Prime;<\/p>\n","protected":false},"excerpt":{"rendered":"<p>Pochette en vinyle dot\u00e9e d&rsquo;une pochette arri\u00e8re transparente qui permet de visualiser les documents, tandis que le recto opaque est id\u00e9al pour l&rsquo;impression. Comprend une pochette pour carte de visite au bas de la face imprim\u00e9e. Cet article polyvalent peut \u00eatre utilis\u00e9 dans de nombreux secteurs, notamment l&rsquo;automobile, l&rsquo;assurance, les cartes de pourvoirie, les permis de p\u00eache et de chasse, ainsi que les cartes de membre.<br \/>\n4 1\/2&Prime; X 6&Prime;<\/p>\n","protected":false},"featured_media":26368,"template":"","meta":[],"product_brand":[],"product_cat":[660,657,648],"product_tag":[],"industries":[664],"class_list":{"0":"post-26436","1":"product","2":"type-product","3":"status-publish","4":"has-post-thumbnail","6":"product_cat-etiquettes-autocollantes","7":"product_cat-portes-documents","8":"product_cat-portes-cartes-et-porte-permis","9":"pa_quantity-500-fr","10":"pa_quantity-1000-fr","11":"pa_quantity-2500-fr","12":"pa_quantity-5000-fr","13":"industries-automobile-fr","15":"first","16":"instock","17":"taxable","18":"shipping-taxable","19":"product-type-variable"},"_links":{"self":[{"href":"https:\/\/vinyform.com\/fr\/wp-json\/wp\/v2\/product\/26436","targetHints":{"allow":["GET"]}}],"collection":[{"href":"https:\/\/vinyform.com\/fr\/wp-json\/wp\/v2\/product"}],"about":[{"href":"https:\/\/vinyform.com\/fr\/wp-json\/wp\/v2\/types\/product"}],"version-history":[{"count":2,"href":"https:\/\/vinyform.com\/fr\/wp-json\/wp\/v2\/product\/26436\/revisions"}],"predecessor-version":[{"id":26442,"href":"https:\/\/vinyform.com\/fr\/wp-json\/wp\/v2\/product\/26436\/revisions\/26442"}],"wp:featuredmedia":[{"embeddable":true,"href":"https:\/\/vinyform.com\/fr\/wp-json\/wp\/v2\/media\/26368"}],"wp:attachment":[{"href":"https:\/\/vinyform.com\/fr\/wp-json\/wp\/v2\/media?parent=26436"}],"wp:term":[{"taxonomy":"product_brand","embeddable":true,"href":"https:\/\/vinyform.com\/fr\/wp-json\/wp\/v2\/product_brand?post=26436"},{"taxonomy":"product_cat","embeddable":true,"href":"https:\/\/vinyform.com\/fr\/wp-json\/wp\/v2\/product_cat?post=26436"},{"taxonomy":"product_tag","embeddable":true,"href":"https:\/\/vinyform.com\/fr\/wp-json\/wp\/v2\/product_tag?post=26436"},{"taxonomy":"industries","embeddable":true,"href":"https:\/\/vinyform.com\/fr\/wp-json\/wp\/v2\/industries?post=26436"}],"curies":[{"name":"wp","href":"https:\/\/api.w.org\/{rel}","templated":true}]}}