{"id":26451,"date":"2026-01-23T13:53:20","date_gmt":"2026-01-23T18:53:20","guid":{"rendered":"https:\/\/vinyform.com\/product\/porte-documents-avec-rabat-et-soufflet\/"},"modified":"2026-01-23T13:54:52","modified_gmt":"2026-01-23T18:54:52","slug":"porte-documents-avec-rabat-et-soufflet","status":"publish","type":"product","link":"https:\/\/vinyform.com\/fr\/produit\/porte-documents-avec-rabat-et-soufflet\/","title":{"rendered":"Porte-documents avec rabat et soufflet"},"content":{"rendered":"<p>Porte-documents avec rabat : Pochette en vinyle avec fermeture \u00e0 rabat et deux poches pour cartes d&rsquo;affaires sur le rabat. Le rabat est con\u00e7u pour se plier en toute s\u00e9curit\u00e9 avec son pli secondaire, et un soufflet au bas offre une capacit\u00e9 de 1 pouce pour un rangement suppl\u00e9mentaire.<br \/>\n10 7\/8&Prime; X 6 1\/2&Prime;<\/p>\n","protected":false},"excerpt":{"rendered":"<p>Porte-documents avec rabat : Pochette en vinyle avec fermeture \u00e0 rabat et deux poches pour cartes d&rsquo;affairessur le rabat. Le rabat est con\u00e7u pour se plier en toute s\u00e9curit\u00e9 avec son pli secondaire, et un soufflet au bas offre une capacit\u00e9 de 1 pouce pour un rangement suppl\u00e9mentaire.<br \/>\n10 7\/8&Prime; X 6 1\/2&Prime;<\/p>\n","protected":false},"featured_media":26356,"template":"","meta":[],"product_brand":[],"product_cat":[657],"product_tag":[],"industries":[664],"class_list":{"0":"post-26451","1":"product","2":"type-product","3":"status-publish","4":"has-post-thumbnail","6":"product_cat-portes-documents","7":"pa_quantity-250-fr","8":"pa_quantity-500-fr","9":"pa_quantity-1000-fr","10":"pa_quantity-2500-fr","11":"industries-automobile-fr","13":"first","14":"instock","15":"taxable","16":"shipping-taxable","17":"product-type-variable"},"_links":{"self":[{"href":"https:\/\/vinyform.com\/fr\/wp-json\/wp\/v2\/product\/26451","targetHints":{"allow":["GET"]}}],"collection":[{"href":"https:\/\/vinyform.com\/fr\/wp-json\/wp\/v2\/product"}],"about":[{"href":"https:\/\/vinyform.com\/fr\/wp-json\/wp\/v2\/types\/product"}],"version-history":[{"count":1,"href":"https:\/\/vinyform.com\/fr\/wp-json\/wp\/v2\/product\/26451\/revisions"}],"predecessor-version":[{"id":26456,"href":"https:\/\/vinyform.com\/fr\/wp-json\/wp\/v2\/product\/26451\/revisions\/26456"}],"wp:featuredmedia":[{"embeddable":true,"href":"https:\/\/vinyform.com\/fr\/wp-json\/wp\/v2\/media\/26356"}],"wp:attachment":[{"href":"https:\/\/vinyform.com\/fr\/wp-json\/wp\/v2\/media?parent=26451"}],"wp:term":[{"taxonomy":"product_brand","embeddable":true,"href":"https:\/\/vinyform.com\/fr\/wp-json\/wp\/v2\/product_brand?post=26451"},{"taxonomy":"product_cat","embeddable":true,"href":"https:\/\/vinyform.com\/fr\/wp-json\/wp\/v2\/product_cat?post=26451"},{"taxonomy":"product_tag","embeddable":true,"href":"https:\/\/vinyform.com\/fr\/wp-json\/wp\/v2\/product_tag?post=26451"},{"taxonomy":"industries","embeddable":true,"href":"https:\/\/vinyform.com\/fr\/wp-json\/wp\/v2\/industries?post=26451"}],"curies":[{"name":"wp","href":"https:\/\/api.w.org\/{rel}","templated":true}]}}