{"id":26470,"date":"2026-01-23T14:11:06","date_gmt":"2026-01-23T19:11:06","guid":{"rendered":"https:\/\/vinyform.com\/product\/porte-documents-avec-rabat-et-coins-coupes\/"},"modified":"2026-01-26T11:43:59","modified_gmt":"2026-01-26T16:43:59","slug":"porte-documents-avec-rabat-et-coins-coupes","status":"publish","type":"product","link":"https:\/\/vinyform.com\/fr\/produit\/porte-documents-avec-rabat-et-coins-coupes\/","title":{"rendered":"Porte-documents avec rabat et coins coup\u00e9s"},"content":{"rendered":"<p>Porte-documents avec rabat : Pochette en vinyle avec fermeture \u00e0 rabat et deux poches pour cartes d&rsquo;affaires sur le rabat. Le rabat est con\u00e7u pour se plier en toute s\u00e9curit\u00e9 avec son pli secondaire, et les coins sont coup\u00e9s pour offrir une capacit\u00e9 suppl\u00e9mentaire.<br \/>\n10 3\/4&Prime; X 7 1\/8&Prime;<\/p>\n","protected":false},"excerpt":{"rendered":"<p>Porte-documents avec rabat : Pochette en vinyle avec fermeture \u00e0 rabat et deux poches pour cartes d&rsquo;affaires sur le rabat. Le rabat est con\u00e7u pour se plier en toute s\u00e9curit\u00e9 avec son pli secondaire, et les coins sont coup\u00e9s pour offrir une capacit\u00e9 suppl\u00e9mentaire.<br \/>\n10 3\/4&Prime; X 7 1\/8&Prime;<\/p>\n","protected":false},"featured_media":26358,"template":"","meta":[],"product_brand":[],"product_cat":[657],"product_tag":[],"industries":[664],"class_list":{"0":"post-26470","1":"product","2":"type-product","3":"status-publish","4":"has-post-thumbnail","6":"product_cat-portes-documents","7":"pa_quantity-250-fr","8":"pa_quantity-500-fr","9":"pa_quantity-1000-fr","10":"pa_quantity-2500-fr","11":"industries-automobile-fr","13":"first","14":"instock","15":"taxable","16":"shipping-taxable","17":"product-type-variable"},"_links":{"self":[{"href":"https:\/\/vinyform.com\/fr\/wp-json\/wp\/v2\/product\/26470","targetHints":{"allow":["GET"]}}],"collection":[{"href":"https:\/\/vinyform.com\/fr\/wp-json\/wp\/v2\/product"}],"about":[{"href":"https:\/\/vinyform.com\/fr\/wp-json\/wp\/v2\/types\/product"}],"version-history":[{"count":2,"href":"https:\/\/vinyform.com\/fr\/wp-json\/wp\/v2\/product\/26470\/revisions"}],"predecessor-version":[{"id":26478,"href":"https:\/\/vinyform.com\/fr\/wp-json\/wp\/v2\/product\/26470\/revisions\/26478"}],"wp:featuredmedia":[{"embeddable":true,"href":"https:\/\/vinyform.com\/fr\/wp-json\/wp\/v2\/media\/26358"}],"wp:attachment":[{"href":"https:\/\/vinyform.com\/fr\/wp-json\/wp\/v2\/media?parent=26470"}],"wp:term":[{"taxonomy":"product_brand","embeddable":true,"href":"https:\/\/vinyform.com\/fr\/wp-json\/wp\/v2\/product_brand?post=26470"},{"taxonomy":"product_cat","embeddable":true,"href":"https:\/\/vinyform.com\/fr\/wp-json\/wp\/v2\/product_cat?post=26470"},{"taxonomy":"product_tag","embeddable":true,"href":"https:\/\/vinyform.com\/fr\/wp-json\/wp\/v2\/product_tag?post=26470"},{"taxonomy":"industries","embeddable":true,"href":"https:\/\/vinyform.com\/fr\/wp-json\/wp\/v2\/industries?post=26470"}],"curies":[{"name":"wp","href":"https:\/\/api.w.org\/{rel}","templated":true}]}}