{"id":26815,"date":"2026-05-07T10:07:33","date_gmt":"2026-05-07T14:07:33","guid":{"rendered":"https:\/\/vinyform.com\/product\/porte-diplome-encolle\/"},"modified":"2026-05-07T10:11:49","modified_gmt":"2026-05-07T14:11:49","slug":"porte-diplome-encolle","status":"publish","type":"product","link":"https:\/\/vinyform.com\/fr\/produit\/porte-diplome-encolle\/","title":{"rendered":"Porte-dipl\u00f4me encoll\u00e9"},"content":{"rendered":"<p>Notre porte-dipl\u00f4mes phare. Finition en cuirette textur\u00e9 doux, bords repli\u00e9s, couverture coussin\u00e9e et coins renforc\u00e9s. Convient aux certificats de format lettre : 8 1\/2&Prime; x 11&Prime;<\/p>\n","protected":false},"excerpt":{"rendered":"<p>Notre porte-dipl\u00f4mes phare. Finition en cuirette textur\u00e9 doux, bords repli\u00e9s, couverture coussin\u00e9e et coins renforc\u00e9s. Convient aux certificats de format lettre : 8 1\/2&Prime; x 11&Prime;<\/p>\n","protected":false},"featured_media":26814,"template":"","meta":[],"product_brand":[],"product_cat":[652],"product_tag":[1098,1101,1100,1099],"industries":[665],"class_list":{"0":"post-26815","1":"product","2":"type-product","3":"status-publish","4":"has-post-thumbnail","6":"product_cat-porte-diplomes","7":"product_tag-ecole","8":"product_tag-graduation","9":"product_tag-programme","10":"product_tag-universite","11":"pa_quantity-25-fr","12":"pa_quantity-50-fr","13":"pa_quantity-100-fr","14":"pa_quantity-250-fr","15":"pa_quantity-500-fr","16":"industries-education-fr","18":"first","19":"instock","20":"taxable","21":"shipping-taxable","22":"product-type-variable"},"_links":{"self":[{"href":"https:\/\/vinyform.com\/fr\/wp-json\/wp\/v2\/product\/26815","targetHints":{"allow":["GET"]}}],"collection":[{"href":"https:\/\/vinyform.com\/fr\/wp-json\/wp\/v2\/product"}],"about":[{"href":"https:\/\/vinyform.com\/fr\/wp-json\/wp\/v2\/types\/product"}],"version-history":[{"count":1,"href":"https:\/\/vinyform.com\/fr\/wp-json\/wp\/v2\/product\/26815\/revisions"}],"predecessor-version":[{"id":26821,"href":"https:\/\/vinyform.com\/fr\/wp-json\/wp\/v2\/product\/26815\/revisions\/26821"}],"wp:featuredmedia":[{"embeddable":true,"href":"https:\/\/vinyform.com\/fr\/wp-json\/wp\/v2\/media\/26814"}],"wp:attachment":[{"href":"https:\/\/vinyform.com\/fr\/wp-json\/wp\/v2\/media?parent=26815"}],"wp:term":[{"taxonomy":"product_brand","embeddable":true,"href":"https:\/\/vinyform.com\/fr\/wp-json\/wp\/v2\/product_brand?post=26815"},{"taxonomy":"product_cat","embeddable":true,"href":"https:\/\/vinyform.com\/fr\/wp-json\/wp\/v2\/product_cat?post=26815"},{"taxonomy":"product_tag","embeddable":true,"href":"https:\/\/vinyform.com\/fr\/wp-json\/wp\/v2\/product_tag?post=26815"},{"taxonomy":"industries","embeddable":true,"href":"https:\/\/vinyform.com\/fr\/wp-json\/wp\/v2\/industries?post=26815"}],"curies":[{"name":"wp","href":"https:\/\/api.w.org\/{rel}","templated":true}]}}