{"id":26843,"date":"2026-05-07T11:08:17","date_gmt":"2026-05-07T15:08:17","guid":{"rendered":"https:\/\/vinyform.com\/product\/porte-diplome-coussine-thermoscelle\/"},"modified":"2026-05-07T11:16:36","modified_gmt":"2026-05-07T15:16:36","slug":"porte-diplome-coussine-thermoscelle","status":"publish","type":"product","link":"https:\/\/vinyform.com\/fr\/produit\/porte-diplome-coussine-thermoscelle\/","title":{"rendered":"Porte-dipl\u00f4me coussin\u00e9 thermoscell\u00e9"},"content":{"rendered":"<p>Un porte-diplome \u00e0 la finition thermoscell\u00e9e impeccable. Couverture coussin\u00e9e, coins en castillan et int\u00e9rieur en tissu moir\u00e9 noir pour une pr\u00e9sentation soign\u00e9e. Format lettre: 8 1\/2&Prime; x 11&Prime;.<\/p>\n","protected":false},"excerpt":{"rendered":"<p>Un porte-diplome \u00e0 la finition thermoscell\u00e9e impeccable. Couverture coussin\u00e9e, coins en castillan et int\u00e9rieur en tissu moir\u00e9 noir pour une pr\u00e9sentation soign\u00e9e. Format lettre: 8 1\/2&Prime; x 11&Prime;.<\/p>\n","protected":false},"featured_media":26841,"template":"","meta":[],"product_brand":[],"product_cat":[652],"product_tag":[1098,1101,1100,1099],"industries":[665],"class_list":{"0":"post-26843","1":"product","2":"type-product","3":"status-publish","4":"has-post-thumbnail","6":"product_cat-porte-diplomes","7":"product_tag-ecole","8":"product_tag-graduation","9":"product_tag-programme","10":"product_tag-universite","11":"pa_quantity-25-fr","12":"pa_quantity-50-fr","13":"pa_quantity-100-fr","14":"pa_quantity-250-fr","15":"pa_quantity-500-fr","16":"industries-education-fr","18":"first","19":"instock","20":"taxable","21":"shipping-taxable","22":"product-type-variable"},"_links":{"self":[{"href":"https:\/\/vinyform.com\/fr\/wp-json\/wp\/v2\/product\/26843","targetHints":{"allow":["GET"]}}],"collection":[{"href":"https:\/\/vinyform.com\/fr\/wp-json\/wp\/v2\/product"}],"about":[{"href":"https:\/\/vinyform.com\/fr\/wp-json\/wp\/v2\/types\/product"}],"version-history":[{"count":1,"href":"https:\/\/vinyform.com\/fr\/wp-json\/wp\/v2\/product\/26843\/revisions"}],"predecessor-version":[{"id":26849,"href":"https:\/\/vinyform.com\/fr\/wp-json\/wp\/v2\/product\/26843\/revisions\/26849"}],"wp:featuredmedia":[{"embeddable":true,"href":"https:\/\/vinyform.com\/fr\/wp-json\/wp\/v2\/media\/26841"}],"wp:attachment":[{"href":"https:\/\/vinyform.com\/fr\/wp-json\/wp\/v2\/media?parent=26843"}],"wp:term":[{"taxonomy":"product_brand","embeddable":true,"href":"https:\/\/vinyform.com\/fr\/wp-json\/wp\/v2\/product_brand?post=26843"},{"taxonomy":"product_cat","embeddable":true,"href":"https:\/\/vinyform.com\/fr\/wp-json\/wp\/v2\/product_cat?post=26843"},{"taxonomy":"product_tag","embeddable":true,"href":"https:\/\/vinyform.com\/fr\/wp-json\/wp\/v2\/product_tag?post=26843"},{"taxonomy":"industries","embeddable":true,"href":"https:\/\/vinyform.com\/fr\/wp-json\/wp\/v2\/industries?post=26843"}],"curies":[{"name":"wp","href":"https:\/\/api.w.org\/{rel}","templated":true}]}}